{"id":1255,"date":"2021-01-17T13:04:50","date_gmt":"2021-01-17T12:04:50","guid":{"rendered":"https:\/\/www.safetec.cz\/?page_id=1255"},"modified":"2021-04-02T12:36:53","modified_gmt":"2021-04-02T10:36:53","slug":"konstruktionsloesungen","status":"publish","type":"page","link":"https:\/\/www.safetec.cz\/de\/produkte\/konstruktionsloesungen\/","title":{"rendered":"Konstruktionsl\u00f6sungen"},"content":{"rendered":"<p>[et_pb_section fb_built=&#8221;1&#8243; _builder_version=&#8221;4.6.6&#8243; _module_preset=&#8221;default&#8221; background_color=&#8221;#0095d8&#8243; background_enable_image=&#8221;off&#8221; custom_padding=&#8221;||38px|||&#8221;][et_pb_row custom_padding_last_edited=&#8221;on|phone&#8221; _builder_version=&#8221;4.6.6&#8243; _module_preset=&#8221;default&#8221; custom_margin=&#8221;0px||0px||false|false&#8221; custom_margin_tablet=&#8221;0px||0px||false|false&#8221; custom_margin_phone=&#8221;0px||0px||false|false&#8221; custom_margin_last_edited=&#8221;on|tablet&#8221; custom_padding=&#8221;20px||20px||false|false&#8221; custom_padding_tablet=&#8221;0px||0px||false|false&#8221; custom_padding_phone=&#8221;0px||0px||false|false&#8221;][et_pb_column type=&#8221;4_4&#8243; _builder_version=&#8221;4.6.6&#8243; _module_preset=&#8221;default&#8221;][et_pb_text _builder_version=&#8221;4.7.7&#8243; _module_preset=&#8221;default&#8221; header_font=&#8221;|||on|||||&#8221; header_text_color=&#8221;#ffffff&#8221;]<\/p>\n<h1>Konstruktionsl\u00f6sungen<\/h1>\n<p>[\/et_pb_text][\/et_pb_column][\/et_pb_row][\/et_pb_section][et_pb_section fb_built=&#8221;1&#8243; custom_padding_last_edited=&#8221;on|tablet&#8221; _builder_version=&#8221;4.6.6&#8243; _module_preset=&#8221;default&#8221; custom_margin_tablet=&#8221;0px||||false|false&#8221; custom_margin_phone=&#8221;&#8221; custom_margin_last_edited=&#8221;on|phone&#8221; custom_padding=&#8221;||8px|||&#8221; custom_padding_tablet=&#8221;8px||||false|false&#8221; custom_padding_phone=&#8221;&#8221;][et_pb_row column_structure=&#8221;1_4,3_4&#8243; use_custom_gutter=&#8221;on&#8221; gutter_width=&#8221;2&#8243; _builder_version=&#8221;4.6.6&#8243; _module_preset=&#8221;default&#8221;][et_pb_column type=&#8221;1_4&#8243; _builder_version=&#8221;4.6.6&#8243; _module_preset=&#8221;default&#8221;][et_pb_menu menu_id=&#8221;114&#8243; active_link_color=&#8221;#0095d8&#8243; _builder_version=&#8221;4.8.2&#8243; _module_preset=&#8221;default&#8221; menu_font=&#8221;|||on|||||&#8221; menu_text_color=&#8221;#3d3d3d&#8221; menu_line_height=&#8221;1.2em&#8221; background_color=&#8221;#e3eff8&#8243; custom_padding=&#8221;20px|33px|20px|33px|true|true&#8221; box_shadow_style=&#8221;preset3&#8243; box_shadow_color=&#8221;rgba(0,0,0,0.12)&#8221; saved_tabs=&#8221;all&#8221; menu_text_color__hover_enabled=&#8221;on|hover&#8221; menu_text_color__hover=&#8221;#0095d8&#8243;][\/et_pb_menu][\/et_pb_column][et_pb_column type=&#8221;3_4&#8243; _builder_version=&#8221;4.6.6&#8243; _module_preset=&#8221;default&#8221;][et_pb_text module_class=&#8221;odrazky&#8221; _builder_version=&#8221;4.9.0&#8243; _module_preset=&#8221;default&#8221; text_font=&#8221;Montserrat||||||||&#8221; text_text_color=&#8221;#3d3d3d&#8221; text_font_size=&#8221;15px&#8221; custom_margin=&#8221;||55px|||&#8221; custom_margin_tablet=&#8221;&#8221; custom_margin_phone=&#8221;0px||||false|false&#8221; custom_margin_last_edited=&#8221;on|phone&#8221; custom_padding_tablet=&#8221;&#8221; custom_padding_phone=&#8221;0px||||false|false&#8221; custom_padding_last_edited=&#8221;on|phone&#8221;]<\/p>\n<p>Wir bieten einzigartige Designl\u00f6sungen, die wir mit dem Kunden abstimmen, um seine Anforderungen so genau wie m\u00f6glich zu erf\u00fcllen. Wir verwenden sowohl vorhandene bew\u00e4hrte Technologien als auch innovative L\u00f6sungen, um eine hohe Effizienz und Qualit\u00e4t bei m\u00f6glichst einfachem Design zu erreichen.<\/p>\n<p>Standardm\u00e4\u00dfig verarbeiten wir Projekte im Programm AutoDesk Inventor. Wir bieten Ausgabedaten in den Formaten 3D-PDF, Step, Iges und in nativen Auto Desk Inventor-Formaten.<\/p>\n<p>Basierend auf dem vom Kunden genehmigten L\u00f6sungskonzept beginnen wir mit einer vollst\u00e4ndigen Designl\u00f6sung. Die Kollisionssimulation wird automatisch f\u00fcr alle Funktionseinheiten durchgef\u00fchrt. Wir planen die Anordnung und Montage der Komponenten von Anfang an so, dass die anschlie\u00dfende Wartung und Instandhaltung der Maschine so einfach wie m\u00f6glich ist und auf Kundenseite nicht unn\u00f6tig Zeit f\u00fcr die Demontage von Sekund\u00e4rteilen aufgewendet werden muss.<\/p>\n<p>Unsere Konstrukteure implementieren auch alle End- und Steuerelemente, Anschl\u00e4ge, D\u00e4mpfer und Sensoren in das Modell, sodass das Ergebnis ihrer Arbeit das endg\u00fcltige Modell mit einer detaillierten St\u00fcckliste und einer vollst\u00e4ndigen Liste der Ein- und Ausg\u00e4nge f\u00fcr unsere Programmierer ist.<\/p>\n<p>Wir halten uns strikt an die Richtlinien zum Schutz gemeinsamer Informationen (wir unterzeichnen standardm\u00e4\u00dfig NDAs mit Kunden) sowie an unser Unternehmens-Know-how. Aus diesem Grund f\u00fchren wir auch alle Verkabelungsvorschl\u00e4ge, die Erstellung elektrischer Projekte und die anschlie\u00dfende Installation aller Komponenten durch unsere eigenen Mitarbeiter durch. Wir haben eine interne elektrische Konstruktionsabteilung (elektrische Projekte sind im ePlan-Programm dokumentiert) und elektrische Mechaniker, die gem\u00e4\u00df der entsprechenden Dokumentation die Installation aller Komponenten nicht nur an der Maschine, sondern auch in der Schalttafel sicherstellen. Am Ende \u00fcberpr\u00fcft der Inspektionstechniker die fertigen Maschinen und erstellt einen Inspektionsbericht.<\/p>\n<p>Wir verwenden Komponenten von erfahrenen Unternehmen wie Festo und KEYENCE.<\/p>\n<p>[\/et_pb_text][et_pb_text _builder_version=&#8221;4.7.7&#8243; _module_preset=&#8221;default&#8221;]<\/p>\n<h4>Auswahl unserer Ausf\u00fchrungen<\/h4>\n<p>[\/et_pb_text][et_pb_gallery posts_number=&#8221;30&#8243; show_title_and_caption=&#8221;off&#8221; _builder_version=&#8221;4.9.2&#8243; _module_preset=&#8221;default&#8221; pagination_font=&#8221;|||on|||||&#8221; pagination_text_color=&#8221;#3d3d3d&#8221; pagination_font_size=&#8221;14px&#8221; pagination_letter_spacing=&#8221;1px&#8221; custom_margin=&#8221;||0px|||&#8221; custom_padding=&#8221;||0px|||&#8221; hover_enabled=&#8221;0&#8243; gallery_ids=&#8221;2633,2526,2524,2727,2731,2733,2735,2737,2739,2741,2743,2745,2747,2751&#8243; sticky_enabled=&#8221;0&#8243;][\/et_pb_gallery][\/et_pb_column][\/et_pb_row][\/et_pb_section][et_pb_section fb_built=&#8221;1&#8243; _builder_version=&#8221;4.7.7&#8243; _module_preset=&#8221;default&#8221; background_color=&#8221;#0095d8&#8243; custom_margin=&#8221;0px||0px||false|false&#8221; custom_padding=&#8221;0px||0px||false|false&#8221; top_divider_height=&#8221;33px&#8221; top_divider_flip=&#8221;vertical&#8221; bottom_divider_height=&#8221;33px&#8221; bottom_divider_flip=&#8221;vertical&#8221;][et_pb_row column_structure=&#8221;3_5,2_5&#8243; _builder_version=&#8221;4.5.1&#8243; _module_preset=&#8221;default&#8221; custom_margin=&#8221;0px||||false|false&#8221; custom_padding=&#8221;61px||61px||true|false&#8221;][et_pb_column type=&#8221;3_5&#8243; _builder_version=&#8221;4.5.1&#8243; _module_preset=&#8221;default&#8221;][et_pb_text _builder_version=&#8221;4.7.7&#8243; _module_preset=&#8221;default&#8221; header_2_font=&#8221;Montserrat|600|||||||&#8221; header_2_text_color=&#8221;#ffffff&#8221; header_2_font_size=&#8221;30px&#8221; custom_margin=&#8221;||10px|||&#8221;]<\/p>\n<h2>Haben Sie Interesse an unseren Dienstleistungen?<\/h2>\n<p>[\/et_pb_text][et_pb_text _builder_version=&#8221;4.7.7&#8243; _module_preset=&#8221;default&#8221; text_font=&#8221;Montserrat|600|||||||&#8221; text_text_color=&#8221;#000000&#8243; text_font_size=&#8221;20px&#8221; header_2_font=&#8221;Dosis|600|||||||&#8221; header_2_text_color=&#8221;#ffffff&#8221; header_2_font_size=&#8221;34px&#8221; custom_margin=&#8221;-6px|||||&#8221;]<\/p>\n<p>Haben Sie Fragen?<\/p>\n<p>[\/et_pb_text][\/et_pb_column][et_pb_column type=&#8221;2_5&#8243; _builder_version=&#8221;4.5.1&#8243; _module_preset=&#8221;default&#8221;][et_pb_button button_url=&#8221;\/de\/kontakte\/&#8221; button_text=&#8221;Ich m\u00f6chte einen Termin vereinbaren&#8221; _builder_version=&#8221;4.8.2&#8243; _module_preset=&#8221;default&#8221; custom_button=&#8221;on&#8221; button_text_size=&#8221;15px&#8221; button_text_color=&#8221;#ffffff&#8221; button_bg_color=&#8221;rgba(255,255,255,0)&#8221; button_border_width=&#8221;2px&#8221; button_border_color=&#8221;#ffffff&#8221; button_border_radius=&#8221;33px&#8221; button_font=&#8221;Montserrat|||on|||||&#8221; custom_margin=&#8221;15px||||false|false&#8221; custom_padding=&#8221;6px||10px|22px|false|false&#8221;][\/et_pb_button][\/et_pb_column][\/et_pb_row][\/et_pb_section]<\/p>\n","protected":false},"excerpt":{"rendered":"<p>[et_pb_section fb_built=&#8221;1&#8243; _builder_version=&#8221;4.6.6&#8243; _module_preset=&#8221;default&#8221; background_color=&#8221;#0095d8&#8243; background_enable_image=&#8221;off&#8221; custom_padding=&#8221;||38px|||&#8221;][et_pb_row custom_padding_last_edited=&#8221;on|phone&#8221; _builder_version=&#8221;4.6.6&#8243; _module_preset=&#8221;default&#8221; custom_margin=&#8221;0px||0px||false|false&#8221; custom_margin_tablet=&#8221;0px||0px||false|false&#8221; custom_margin_phone=&#8221;0px||0px||false|false&#8221; custom_margin_last_edited=&#8221;on|tablet&#8221; custom_padding=&#8221;20px||20px||false|false&#8221; custom_padding_tablet=&#8221;0px||0px||false|false&#8221; custom_padding_phone=&#8221;0px||0px||false|false&#8221;][et_pb_column type=&#8221;4_4&#8243; _builder_version=&#8221;4.6.6&#8243; _module_preset=&#8221;default&#8221;][et_pb_text _builder_version=&#8221;4.7.7&#8243; _module_preset=&#8221;default&#8221; header_font=&#8221;|||on|||||&#8221; header_text_color=&#8221;#ffffff&#8221;] Konstruktionsl\u00f6sungen [\/et_pb_text][\/et_pb_column][\/et_pb_row][\/et_pb_section][et_pb_section fb_built=&#8221;1&#8243; custom_padding_last_edited=&#8221;on|tablet&#8221; _builder_version=&#8221;4.6.6&#8243; _module_preset=&#8221;default&#8221; custom_margin_tablet=&#8221;0px||||false|false&#8221; custom_margin_phone=&#8221;&#8221; custom_margin_last_edited=&#8221;on|phone&#8221; custom_padding=&#8221;||8px|||&#8221; custom_padding_tablet=&#8221;8px||||false|false&#8221; custom_padding_phone=&#8221;&#8221;][et_pb_row column_structure=&#8221;1_4,3_4&#8243; use_custom_gutter=&#8221;on&#8221; gutter_width=&#8221;2&#8243; _builder_version=&#8221;4.6.6&#8243; _module_preset=&#8221;default&#8221;][et_pb_column type=&#8221;1_4&#8243; _builder_version=&#8221;4.6.6&#8243; _module_preset=&#8221;default&#8221;][et_pb_menu menu_id=&#8221;114&#8243; active_link_color=&#8221;#0095d8&#8243; _builder_version=&#8221;4.8.2&#8243; _module_preset=&#8221;default&#8221; menu_font=&#8221;|||on|||||&#8221; menu_text_color=&#8221;#3d3d3d&#8221; menu_line_height=&#8221;1.2em&#8221; background_color=&#8221;#e3eff8&#8243; custom_padding=&#8221;20px|33px|20px|33px|true|true&#8221; box_shadow_style=&#8221;preset3&#8243; box_shadow_color=&#8221;rgba(0,0,0,0.12)&#8221; [&hellip;]<\/p>\n","protected":false},"author":2,"featured_media":0,"parent":1211,"menu_order":0,"comment_status":"closed","ping_status":"closed","template":"","meta":{"_et_pb_use_builder":"on","_et_pb_old_content":"","_et_gb_content_width":"","footnotes":""},"class_list":["post-1255","page","type-page","status-publish","hentry"],"_links":{"self":[{"href":"https:\/\/www.safetec.cz\/de\/wp-json\/wp\/v2\/pages\/1255","targetHints":{"allow":["GET"]}}],"collection":[{"href":"https:\/\/www.safetec.cz\/de\/wp-json\/wp\/v2\/pages"}],"about":[{"href":"https:\/\/www.safetec.cz\/de\/wp-json\/wp\/v2\/types\/page"}],"author":[{"embeddable":true,"href":"https:\/\/www.safetec.cz\/de\/wp-json\/wp\/v2\/users\/2"}],"replies":[{"embeddable":true,"href":"https:\/\/www.safetec.cz\/de\/wp-json\/wp\/v2\/comments?post=1255"}],"version-history":[{"count":12,"href":"https:\/\/www.safetec.cz\/de\/wp-json\/wp\/v2\/pages\/1255\/revisions"}],"predecessor-version":[{"id":3777,"href":"https:\/\/www.safetec.cz\/de\/wp-json\/wp\/v2\/pages\/1255\/revisions\/3777"}],"up":[{"embeddable":true,"href":"https:\/\/www.safetec.cz\/de\/wp-json\/wp\/v2\/pages\/1211"}],"wp:attachment":[{"href":"https:\/\/www.safetec.cz\/de\/wp-json\/wp\/v2\/media?parent=1255"}],"curies":[{"name":"wp","href":"https:\/\/api.w.org\/{rel}","templated":true}]}}